{"id":353,"date":"2023-06-17T15:46:44","date_gmt":"2023-06-17T13:46:44","guid":{"rendered":"https:\/\/relaisdelaplume.fr\/?page_id=353"},"modified":"2026-01-29T10:44:51","modified_gmt":"2026-01-29T09:44:51","slug":"chambre-2","status":"publish","type":"page","link":"https:\/\/relaisdelaplume.fr\/?page_id=353","title":{"rendered":"Chambre 2"},"content":{"rendered":"\t\t<div data-elementor-type=\"wp-page\" data-elementor-id=\"353\" class=\"elementor elementor-353\">\n\t\t\t\t\t\t<section class=\"elementor-section elementor-top-section elementor-element elementor-element-a3e79fb elementor-section-boxed elementor-section-height-default elementor-section-height-default\" data-id=\"a3e79fb\" data-element_type=\"section\" data-e-type=\"section\">\n\t\t\t\t\t\t<div class=\"elementor-container elementor-column-gap-default\">\n\t\t\t\t\t<div class=\"elementor-column elementor-col-50 elementor-top-column elementor-element elementor-element-481324b\" data-id=\"481324b\" data-element_type=\"column\" data-e-type=\"column\">\n\t\t\t<div class=\"elementor-widget-wrap elementor-element-populated\">\n\t\t\t\t\t\t<div class=\"elementor-element elementor-element-0beb33a elementor-widget elementor-widget-image\" data-id=\"0beb33a\" data-element_type=\"widget\" data-e-type=\"widget\" data-widget_type=\"image.default\">\n\t\t\t\t<div class=\"elementor-widget-container\">\n\t\t\t\t\t\t\t\t\t\t\t\t\t\t\t<img fetchpriority=\"high\" decoding=\"async\" width=\"1024\" height=\"768\" src=\"https:\/\/relaisdelaplume.fr\/wp-content\/uploads\/2023\/06\/20230527_115506-1-1024x768.jpg\" class=\"attachment-large size-large wp-image-201\" alt=\"\" srcset=\"https:\/\/relaisdelaplume.fr\/wp-content\/uploads\/2023\/06\/20230527_115506-1-1024x768.jpg 1024w, https:\/\/relaisdelaplume.fr\/wp-content\/uploads\/2023\/06\/20230527_115506-1-300x225.jpg 300w, https:\/\/relaisdelaplume.fr\/wp-content\/uploads\/2023\/06\/20230527_115506-1-768x576.jpg 768w, https:\/\/relaisdelaplume.fr\/wp-content\/uploads\/2023\/06\/20230527_115506-1-1536x1152.jpg 1536w, https:\/\/relaisdelaplume.fr\/wp-content\/uploads\/2023\/06\/20230527_115506-1-2048x1536.jpg 2048w\" sizes=\"(max-width: 1024px) 100vw, 1024px\" \/>\t\t\t\t\t\t\t\t\t\t\t\t\t\t\t<\/div>\n\t\t\t\t<\/div>\n\t\t\t\t\t<\/div>\n\t\t<\/div>\n\t\t\t\t<div class=\"elementor-column elementor-col-50 elementor-top-column elementor-element elementor-element-24f8c27\" data-id=\"24f8c27\" data-element_type=\"column\" data-e-type=\"column\">\n\t\t\t<div class=\"elementor-widget-wrap elementor-element-populated\">\n\t\t\t\t\t\t<div class=\"elementor-element elementor-element-29094dc elementor-widget elementor-widget-heading\" data-id=\"29094dc\" data-element_type=\"widget\" data-e-type=\"widget\" data-widget_type=\"heading.default\">\n\t\t\t\t<div class=\"elementor-widget-container\">\n\t\t\t\t\t<h2 class=\"elementor-heading-title elementor-size-default\">Equipements<\/h2>\t\t\t\t<\/div>\n\t\t\t\t<\/div>\n\t\t\t\t<div class=\"elementor-element elementor-element-73b42b2 elementor-icon-list--layout-traditional elementor-list-item-link-full_width elementor-widget elementor-widget-icon-list\" data-id=\"73b42b2\" data-element_type=\"widget\" data-e-type=\"widget\" data-widget_type=\"icon-list.default\">\n\t\t\t\t<div class=\"elementor-widget-container\">\n\t\t\t\t\t\t\t<ul class=\"elementor-icon-list-items\">\n\t\t\t\t\t\t\t<li class=\"elementor-icon-list-item\">\n\t\t\t\t\t\t\t\t\t\t\t<span class=\"elementor-icon-list-icon\">\n\t\t\t\t\t\t\t<i aria-hidden=\"true\" class=\"fas fa-user\"><\/i>\t\t\t\t\t\t<\/span>\n\t\t\t\t\t\t\t\t\t\t<span class=\"elementor-icon-list-text\">1-2 personnes<\/span>\n\t\t\t\t\t\t\t\t\t<\/li>\n\t\t\t\t\t\t\t\t<li class=\"elementor-icon-list-item\">\n\t\t\t\t\t\t\t\t\t\t\t<span class=\"elementor-icon-list-icon\">\n\t\t\t\t\t\t\t<i aria-hidden=\"true\" class=\"fas fa-house-user\"><\/i>\t\t\t\t\t\t<\/span>\n\t\t\t\t\t\t\t\t\t\t<span class=\"elementor-icon-list-text\">25 m2<\/span>\n\t\t\t\t\t\t\t\t\t<\/li>\n\t\t\t\t\t\t\t\t<li class=\"elementor-icon-list-item\">\n\t\t\t\t\t\t\t\t\t\t\t<span class=\"elementor-icon-list-icon\">\n\t\t\t\t\t\t\t<i aria-hidden=\"true\" class=\"fas fa-tv\"><\/i>\t\t\t\t\t\t<\/span>\n\t\t\t\t\t\t\t\t\t\t<span class=\"elementor-icon-list-text\">TV<\/span>\n\t\t\t\t\t\t\t\t\t<\/li>\n\t\t\t\t\t\t\t\t<li class=\"elementor-icon-list-item\">\n\t\t\t\t\t\t\t\t\t\t\t<span class=\"elementor-icon-list-icon\">\n\t\t\t\t\t\t\t<i aria-hidden=\"true\" class=\"fas fa-wifi\"><\/i>\t\t\t\t\t\t<\/span>\n\t\t\t\t\t\t\t\t\t\t<span class=\"elementor-icon-list-text\">wifi<\/span>\n\t\t\t\t\t\t\t\t\t<\/li>\n\t\t\t\t\t\t\t\t<li class=\"elementor-icon-list-item\">\n\t\t\t\t\t\t\t\t\t\t\t<span class=\"elementor-icon-list-icon\">\n\t\t\t\t\t\t\t<i aria-hidden=\"true\" class=\"fas fa-shower\"><\/i>\t\t\t\t\t\t<\/span>\n\t\t\t\t\t\t\t\t\t\t<span class=\"elementor-icon-list-text\">Douche et WC<\/span>\n\t\t\t\t\t\t\t\t\t<\/li>\n\t\t\t\t\t\t<\/ul>\n\t\t\t\t\t\t<\/div>\n\t\t\t\t<\/div>\n\t\t\t\t<div class=\"elementor-element elementor-element-1ee01cd elementor-widget elementor-widget-heading\" data-id=\"1ee01cd\" data-element_type=\"widget\" data-e-type=\"widget\" data-widget_type=\"heading.default\">\n\t\t\t\t<div class=\"elementor-widget-container\">\n\t\t\t\t\t<h2 class=\"elementor-heading-title elementor-size-default\">Description de la chambre<\/h2>\t\t\t\t<\/div>\n\t\t\t\t<\/div>\n\t\t\t\t<div class=\"elementor-element elementor-element-e8225e8 elementor-widget elementor-widget-text-editor\" data-id=\"e8225e8\" data-element_type=\"widget\" data-e-type=\"widget\" data-widget_type=\"text-editor.default\">\n\t\t\t\t<div class=\"elementor-widget-container\">\n\t\t\t\t\t\t\t\t\t<p>Situ\u00e9e au premier \u00e9tage avec un acc\u00e8s ind\u00e9pendant cette chambre est dot\u00e9e d&rsquo;un grand lit double. Elle dispose d&rsquo;une salle d&rsquo;eau et de WC privatifs. Elle est dot\u00e9e de serviettes, d&rsquo;un seche cheveux et de produits d&rsquo;accueil. Le wifi est disponible. Le petit d\u00e9jeuner continental est servi au milieu des livres dans notre caf\u00e9 Librairie. <\/p><p>La Table d&rsquo;H\u00f4tes est disponible uniquement sur r\u00e9servation au tarif de 30 euros par personne.<\/p><p>\u00a0<\/p>\t\t\t\t\t\t\t\t<\/div>\n\t\t\t\t<\/div>\n\t\t\t\t\t<\/div>\n\t\t<\/div>\n\t\t\t\t\t<\/div>\n\t\t<\/section>\n\t\t\t\t<section class=\"elementor-section elementor-top-section elementor-element elementor-element-9501c5c elementor-section-boxed elementor-section-height-default elementor-section-height-default\" data-id=\"9501c5c\" data-element_type=\"section\" data-e-type=\"section\">\n\t\t\t\t\t\t<div class=\"elementor-container elementor-column-gap-default\">\n\t\t\t\t\t<div class=\"elementor-column elementor-col-33 elementor-top-column elementor-element elementor-element-36fd02c\" data-id=\"36fd02c\" data-element_type=\"column\" data-e-type=\"column\">\n\t\t\t<div class=\"elementor-widget-wrap elementor-element-populated\">\n\t\t\t\t\t\t<div class=\"elementor-element elementor-element-23ba01a elementor-widget elementor-widget-image\" data-id=\"23ba01a\" data-element_type=\"widget\" data-e-type=\"widget\" data-widget_type=\"image.default\">\n\t\t\t\t<div class=\"elementor-widget-container\">\n\t\t\t\t\t\t\t\t\t\t\t\t\t\t\t<img decoding=\"async\" width=\"1024\" height=\"768\" src=\"https:\/\/relaisdelaplume.fr\/wp-content\/uploads\/2023\/06\/20230527_115529-1024x768.jpg\" class=\"attachment-large size-large wp-image-203\" alt=\"\" srcset=\"https:\/\/relaisdelaplume.fr\/wp-content\/uploads\/2023\/06\/20230527_115529-1024x768.jpg 1024w, https:\/\/relaisdelaplume.fr\/wp-content\/uploads\/2023\/06\/20230527_115529-300x225.jpg 300w, https:\/\/relaisdelaplume.fr\/wp-content\/uploads\/2023\/06\/20230527_115529-768x576.jpg 768w, https:\/\/relaisdelaplume.fr\/wp-content\/uploads\/2023\/06\/20230527_115529-1536x1152.jpg 1536w, https:\/\/relaisdelaplume.fr\/wp-content\/uploads\/2023\/06\/20230527_115529-2048x1536.jpg 2048w\" sizes=\"(max-width: 1024px) 100vw, 1024px\" \/>\t\t\t\t\t\t\t\t\t\t\t\t\t\t\t<\/div>\n\t\t\t\t<\/div>\n\t\t\t\t\t<\/div>\n\t\t<\/div>\n\t\t\t\t<div class=\"elementor-column elementor-col-33 elementor-top-column elementor-element elementor-element-f1b9239\" data-id=\"f1b9239\" data-element_type=\"column\" data-e-type=\"column\">\n\t\t\t<div class=\"elementor-widget-wrap elementor-element-populated\">\n\t\t\t\t\t\t<div class=\"elementor-element elementor-element-d89c330 elementor-widget elementor-widget-image\" data-id=\"d89c330\" data-element_type=\"widget\" data-e-type=\"widget\" data-widget_type=\"image.default\">\n\t\t\t\t<div class=\"elementor-widget-container\">\n\t\t\t\t\t\t\t\t\t\t\t\t\t\t\t<img decoding=\"async\" width=\"768\" height=\"1024\" src=\"https:\/\/relaisdelaplume.fr\/wp-content\/uploads\/2023\/06\/20230527_115605-768x1024.jpg\" class=\"attachment-large size-large wp-image-204\" alt=\"\" srcset=\"https:\/\/relaisdelaplume.fr\/wp-content\/uploads\/2023\/06\/20230527_115605-768x1024.jpg 768w, https:\/\/relaisdelaplume.fr\/wp-content\/uploads\/2023\/06\/20230527_115605-225x300.jpg 225w, https:\/\/relaisdelaplume.fr\/wp-content\/uploads\/2023\/06\/20230527_115605-1152x1536.jpg 1152w, https:\/\/relaisdelaplume.fr\/wp-content\/uploads\/2023\/06\/20230527_115605-1536x2048.jpg 1536w, https:\/\/relaisdelaplume.fr\/wp-content\/uploads\/2023\/06\/20230527_115605-scaled.jpg 1920w\" sizes=\"(max-width: 768px) 100vw, 768px\" \/>\t\t\t\t\t\t\t\t\t\t\t\t\t\t\t<\/div>\n\t\t\t\t<\/div>\n\t\t\t\t\t<\/div>\n\t\t<\/div>\n\t\t\t\t<div class=\"elementor-column elementor-col-33 elementor-top-column elementor-element elementor-element-9bef3e7\" data-id=\"9bef3e7\" data-element_type=\"column\" data-e-type=\"column\">\n\t\t\t<div class=\"elementor-widget-wrap elementor-element-populated\">\n\t\t\t\t\t\t<div class=\"elementor-element elementor-element-89c6a50 elementor-widget elementor-widget-image\" data-id=\"89c6a50\" data-element_type=\"widget\" data-e-type=\"widget\" data-widget_type=\"image.default\">\n\t\t\t\t<div class=\"elementor-widget-container\">\n\t\t\t\t\t\t\t\t\t\t\t\t\t\t\t<img loading=\"lazy\" decoding=\"async\" width=\"1024\" height=\"768\" src=\"https:\/\/relaisdelaplume.fr\/wp-content\/uploads\/2023\/06\/20230527_115637-1024x768.jpg\" class=\"attachment-large size-large wp-image-206\" alt=\"\" srcset=\"https:\/\/relaisdelaplume.fr\/wp-content\/uploads\/2023\/06\/20230527_115637-1024x768.jpg 1024w, https:\/\/relaisdelaplume.fr\/wp-content\/uploads\/2023\/06\/20230527_115637-300x225.jpg 300w, https:\/\/relaisdelaplume.fr\/wp-content\/uploads\/2023\/06\/20230527_115637-768x576.jpg 768w, https:\/\/relaisdelaplume.fr\/wp-content\/uploads\/2023\/06\/20230527_115637-1536x1152.jpg 1536w, https:\/\/relaisdelaplume.fr\/wp-content\/uploads\/2023\/06\/20230527_115637-2048x1536.jpg 2048w\" sizes=\"(max-width: 1024px) 100vw, 1024px\" \/>\t\t\t\t\t\t\t\t\t\t\t\t\t\t\t<\/div>\n\t\t\t\t<\/div>\n\t\t\t\t\t<\/div>\n\t\t<\/div>\n\t\t\t\t\t<\/div>\n\t\t<\/section>\n\t\t\t\t<section class=\"elementor-section elementor-top-section elementor-element elementor-element-9edbdc1 elementor-section-boxed elementor-section-height-default elementor-section-height-default\" data-id=\"9edbdc1\" data-element_type=\"section\" data-e-type=\"section\">\n\t\t\t\t\t\t<div class=\"elementor-container elementor-column-gap-default\">\n\t\t\t\t\t<div class=\"elementor-column elementor-col-100 elementor-top-column elementor-element elementor-element-ed2fe2c\" data-id=\"ed2fe2c\" data-element_type=\"column\" data-e-type=\"column\">\n\t\t\t<div class=\"elementor-widget-wrap elementor-element-populated\">\n\t\t\t\t\t\t<div class=\"elementor-element elementor-element-d952851 elementor-absolute elementor-widget elementor-widget-heading\" data-id=\"d952851\" data-element_type=\"widget\" data-e-type=\"widget\" data-settings=\"{&quot;_position&quot;:&quot;absolute&quot;}\" data-widget_type=\"heading.default\">\n\t\t\t\t<div class=\"elementor-widget-container\">\n\t\t\t\t\t<h2 class=\"elementor-heading-title elementor-size-default\">R\u00e9server votre chambre d\u00e8s maintenant<\/h2>\t\t\t\t<\/div>\n\t\t\t\t<\/div>\n\t\t\t\t\t<\/div>\n\t\t<\/div>\n\t\t\t\t\t<\/div>\n\t\t<\/section>\n\t\t\t\t<section class=\"elementor-section elementor-top-section elementor-element elementor-element-ace7c0d elementor-section-boxed elementor-section-height-default elementor-section-height-default\" data-id=\"ace7c0d\" data-element_type=\"section\" data-e-type=\"section\">\n\t\t\t\t\t\t<div class=\"elementor-container elementor-column-gap-default\">\n\t\t\t\t\t<div class=\"elementor-column elementor-col-100 elementor-top-column elementor-element elementor-element-d0a23e5\" data-id=\"d0a23e5\" data-element_type=\"column\" data-e-type=\"column\">\n\t\t\t<div class=\"elementor-widget-wrap elementor-element-populated\">\n\t\t\t\t\t\t<div class=\"elementor-element elementor-element-12266ae elementor-widget elementor-widget-shortcode\" data-id=\"12266ae\" data-element_type=\"widget\" data-e-type=\"widget\" data-widget_type=\"shortcode.default\">\n\t\t\t\t<div class=\"elementor-widget-container\">\n\t\t\t\t\t\t\t<div class=\"elementor-shortcode\"><\/div>\n\t\t\t\t\t\t<\/div>\n\t\t\t\t<\/div>\n\t\t\t\t\t<\/div>\n\t\t<\/div>\n\t\t\t\t\t<\/div>\n\t\t<\/section>\n\t\t\t\t<\/div>\n\t\t","protected":false},"excerpt":{"rendered":"<p>Equipements 1-2 personnes 25 m2 TV wifi Douche et WC Description de la chambre Situ\u00e9e au premier \u00e9tage avec un acc\u00e8s ind\u00e9pendant cette chambre est dot\u00e9e d&rsquo;un grand lit double. Elle dispose d&rsquo;une salle d&rsquo;eau et de WC privatifs. Elle est dot\u00e9e de serviettes, d&rsquo;un seche cheveux et de produits d&rsquo;accueil. Le wifi est disponible. [&hellip;]<\/p>\n","protected":false},"author":1,"featured_media":0,"parent":0,"menu_order":0,"comment_status":"closed","ping_status":"closed","template":"","meta":{"ocean_post_layout":"","ocean_both_sidebars_style":"","ocean_both_sidebars_content_width":0,"ocean_both_sidebars_sidebars_width":0,"ocean_sidebar":"0","ocean_second_sidebar":"0","ocean_disable_margins":"enable","ocean_add_body_class":"","ocean_shortcode_before_top_bar":"","ocean_shortcode_after_top_bar":"","ocean_shortcode_before_header":"","ocean_shortcode_after_header":"","ocean_has_shortcode":"","ocean_shortcode_after_title":"","ocean_shortcode_before_footer_widgets":"","ocean_shortcode_after_footer_widgets":"","ocean_shortcode_before_footer_bottom":"","ocean_shortcode_after_footer_bottom":"","ocean_display_top_bar":"default","ocean_display_header":"default","ocean_header_style":"","ocean_center_header_left_menu":"0","ocean_custom_header_template":"0","ocean_custom_logo":0,"ocean_custom_retina_logo":0,"ocean_custom_logo_max_width":0,"ocean_custom_logo_tablet_max_width":0,"ocean_custom_logo_mobile_max_width":0,"ocean_custom_logo_max_height":0,"ocean_custom_logo_tablet_max_height":0,"ocean_custom_logo_mobile_max_height":0,"ocean_header_custom_menu":"0","ocean_menu_typo_font_family":"0","ocean_menu_typo_font_subset":"","ocean_menu_typo_font_size":0,"ocean_menu_typo_font_size_tablet":0,"ocean_menu_typo_font_size_mobile":0,"ocean_menu_typo_font_size_unit":"px","ocean_menu_typo_font_weight":"","ocean_menu_typo_font_weight_tablet":"","ocean_menu_typo_font_weight_mobile":"","ocean_menu_typo_transform":"","ocean_menu_typo_transform_tablet":"","ocean_menu_typo_transform_mobile":"","ocean_menu_typo_line_height":0,"ocean_menu_typo_line_height_tablet":0,"ocean_menu_typo_line_height_mobile":0,"ocean_menu_typo_line_height_unit":"","ocean_menu_typo_spacing":0,"ocean_menu_typo_spacing_tablet":0,"ocean_menu_typo_spacing_mobile":0,"ocean_menu_typo_spacing_unit":"","ocean_menu_link_color":"","ocean_menu_link_color_hover":"","ocean_menu_link_color_active":"","ocean_menu_link_background":"","ocean_menu_link_hover_background":"","ocean_menu_link_active_background":"","ocean_menu_social_links_bg":"","ocean_menu_social_hover_links_bg":"","ocean_menu_social_links_color":"","ocean_menu_social_hover_links_color":"","ocean_disable_title":"default","ocean_disable_heading":"default","ocean_post_title":"","ocean_post_subheading":"","ocean_post_title_style":"","ocean_post_title_background_color":"","ocean_post_title_background":0,"ocean_post_title_bg_image_position":"","ocean_post_title_bg_image_attachment":"","ocean_post_title_bg_image_repeat":"","ocean_post_title_bg_image_size":"","ocean_post_title_height":0,"ocean_post_title_bg_overlay":0.5,"ocean_post_title_bg_overlay_color":"","ocean_disable_breadcrumbs":"default","ocean_breadcrumbs_color":"","ocean_breadcrumbs_separator_color":"","ocean_breadcrumbs_links_color":"","ocean_breadcrumbs_links_hover_color":"","ocean_display_footer_widgets":"default","ocean_display_footer_bottom":"default","ocean_custom_footer_template":"0","footnotes":""},"class_list":["post-353","page","type-page","status-publish","hentry","entry"],"yoast_head":"<!-- This site is optimized with the Yoast SEO plugin v27.5 - https:\/\/yoast.com\/product\/yoast-seo-wordpress\/ -->\n<title>Chambre 2 - Le Relais de Plume<\/title>\n<meta name=\"robots\" content=\"index, follow, max-snippet:-1, max-image-preview:large, max-video-preview:-1\" \/>\n<link rel=\"canonical\" href=\"https:\/\/relaisdelaplume.fr\/?page_id=353\" \/>\n<meta property=\"og:locale\" content=\"fr_FR\" \/>\n<meta property=\"og:type\" content=\"article\" \/>\n<meta property=\"og:title\" content=\"Chambre 2 - Le Relais de Plume\" \/>\n<meta property=\"og:description\" content=\"Equipements 1-2 personnes 25 m2 TV wifi Douche et WC Description de la chambre Situ\u00e9e au premier \u00e9tage avec un acc\u00e8s ind\u00e9pendant cette chambre est dot\u00e9e d&rsquo;un grand lit double. Elle dispose d&rsquo;une salle d&rsquo;eau et de WC privatifs. Elle est dot\u00e9e de serviettes, d&rsquo;un seche cheveux et de produits d&rsquo;accueil. Le wifi est disponible. [&hellip;]\" \/>\n<meta property=\"og:url\" content=\"https:\/\/relaisdelaplume.fr\/?page_id=353\" \/>\n<meta property=\"og:site_name\" content=\"Le Relais de Plume\" \/>\n<meta property=\"article:modified_time\" content=\"2026-01-29T09:44:51+00:00\" \/>\n<meta property=\"og:image\" content=\"https:\/\/relaisdelaplume.fr\/wp-content\/uploads\/2023\/06\/20230527_115506-1-scaled.jpg\" \/>\n\t<meta property=\"og:image:width\" content=\"2560\" \/>\n\t<meta property=\"og:image:height\" content=\"1920\" \/>\n\t<meta property=\"og:image:type\" content=\"image\/jpeg\" \/>\n<meta name=\"twitter:card\" content=\"summary_large_image\" \/>\n<meta name=\"twitter:label1\" content=\"Dur\u00e9e de lecture estim\u00e9e\" \/>\n\t<meta name=\"twitter:data1\" content=\"2 minutes\" \/>\n<script type=\"application\/ld+json\" class=\"yoast-schema-graph\">{\"@context\":\"https:\\\/\\\/schema.org\",\"@graph\":[{\"@type\":\"WebPage\",\"@id\":\"https:\\\/\\\/relaisdelaplume.fr\\\/?page_id=353\",\"url\":\"https:\\\/\\\/relaisdelaplume.fr\\\/?page_id=353\",\"name\":\"Chambre 2 - Le Relais de Plume\",\"isPartOf\":{\"@id\":\"https:\\\/\\\/relaisdelaplume.fr\\\/#website\"},\"primaryImageOfPage\":{\"@id\":\"https:\\\/\\\/relaisdelaplume.fr\\\/?page_id=353#primaryimage\"},\"image\":{\"@id\":\"https:\\\/\\\/relaisdelaplume.fr\\\/?page_id=353#primaryimage\"},\"thumbnailUrl\":\"https:\\\/\\\/relaisdelaplume.fr\\\/wp-content\\\/uploads\\\/2023\\\/06\\\/20230527_115506-1-1024x768.jpg\",\"datePublished\":\"2023-06-17T13:46:44+00:00\",\"dateModified\":\"2026-01-29T09:44:51+00:00\",\"breadcrumb\":{\"@id\":\"https:\\\/\\\/relaisdelaplume.fr\\\/?page_id=353#breadcrumb\"},\"inLanguage\":\"fr-FR\",\"potentialAction\":[{\"@type\":\"ReadAction\",\"target\":[\"https:\\\/\\\/relaisdelaplume.fr\\\/?page_id=353\"]}]},{\"@type\":\"ImageObject\",\"inLanguage\":\"fr-FR\",\"@id\":\"https:\\\/\\\/relaisdelaplume.fr\\\/?page_id=353#primaryimage\",\"url\":\"https:\\\/\\\/relaisdelaplume.fr\\\/wp-content\\\/uploads\\\/2023\\\/06\\\/20230527_115506-1-scaled.jpg\",\"contentUrl\":\"https:\\\/\\\/relaisdelaplume.fr\\\/wp-content\\\/uploads\\\/2023\\\/06\\\/20230527_115506-1-scaled.jpg\",\"width\":2560,\"height\":1920},{\"@type\":\"BreadcrumbList\",\"@id\":\"https:\\\/\\\/relaisdelaplume.fr\\\/?page_id=353#breadcrumb\",\"itemListElement\":[{\"@type\":\"ListItem\",\"position\":1,\"name\":\"Accueil\",\"item\":\"https:\\\/\\\/relaisdelaplume.fr\\\/\"},{\"@type\":\"ListItem\",\"position\":2,\"name\":\"Chambre 2\"}]},{\"@type\":\"WebSite\",\"@id\":\"https:\\\/\\\/relaisdelaplume.fr\\\/#website\",\"url\":\"https:\\\/\\\/relaisdelaplume.fr\\\/\",\"name\":\"relaisdelaplume.fr\",\"description\":\"Le Relais de la plUme\",\"publisher\":{\"@id\":\"https:\\\/\\\/relaisdelaplume.fr\\\/#organization\"},\"potentialAction\":[{\"@type\":\"SearchAction\",\"target\":{\"@type\":\"EntryPoint\",\"urlTemplate\":\"https:\\\/\\\/relaisdelaplume.fr\\\/?s={search_term_string}\"},\"query-input\":{\"@type\":\"PropertyValueSpecification\",\"valueRequired\":true,\"valueName\":\"search_term_string\"}}],\"inLanguage\":\"fr-FR\"},{\"@type\":\"Organization\",\"@id\":\"https:\\\/\\\/relaisdelaplume.fr\\\/#organization\",\"name\":\"relaisdelaplume.fr\",\"url\":\"https:\\\/\\\/relaisdelaplume.fr\\\/\",\"logo\":{\"@type\":\"ImageObject\",\"inLanguage\":\"fr-FR\",\"@id\":\"https:\\\/\\\/relaisdelaplume.fr\\\/#\\\/schema\\\/logo\\\/image\\\/\",\"url\":\"https:\\\/\\\/relaisdelaplume.fr\\\/wp-content\\\/uploads\\\/2025\\\/11\\\/cropped-cropped-Le-Relais-de-la-PlumeWB.png\",\"contentUrl\":\"https:\\\/\\\/relaisdelaplume.fr\\\/wp-content\\\/uploads\\\/2025\\\/11\\\/cropped-cropped-Le-Relais-de-la-PlumeWB.png\",\"width\":500,\"height\":202,\"caption\":\"relaisdelaplume.fr\"},\"image\":{\"@id\":\"https:\\\/\\\/relaisdelaplume.fr\\\/#\\\/schema\\\/logo\\\/image\\\/\"}}]}<\/script>\n<!-- \/ Yoast SEO plugin. -->","yoast_head_json":{"title":"Chambre 2 - Le Relais de Plume","robots":{"index":"index","follow":"follow","max-snippet":"max-snippet:-1","max-image-preview":"max-image-preview:large","max-video-preview":"max-video-preview:-1"},"canonical":"https:\/\/relaisdelaplume.fr\/?page_id=353","og_locale":"fr_FR","og_type":"article","og_title":"Chambre 2 - Le Relais de Plume","og_description":"Equipements 1-2 personnes 25 m2 TV wifi Douche et WC Description de la chambre Situ\u00e9e au premier \u00e9tage avec un acc\u00e8s ind\u00e9pendant cette chambre est dot\u00e9e d&rsquo;un grand lit double. Elle dispose d&rsquo;une salle d&rsquo;eau et de WC privatifs. Elle est dot\u00e9e de serviettes, d&rsquo;un seche cheveux et de produits d&rsquo;accueil. Le wifi est disponible. [&hellip;]","og_url":"https:\/\/relaisdelaplume.fr\/?page_id=353","og_site_name":"Le Relais de Plume","article_modified_time":"2026-01-29T09:44:51+00:00","og_image":[{"width":2560,"height":1920,"url":"https:\/\/relaisdelaplume.fr\/wp-content\/uploads\/2023\/06\/20230527_115506-1-scaled.jpg","type":"image\/jpeg"}],"twitter_card":"summary_large_image","twitter_misc":{"Dur\u00e9e de lecture estim\u00e9e":"2 minutes"},"schema":{"@context":"https:\/\/schema.org","@graph":[{"@type":"WebPage","@id":"https:\/\/relaisdelaplume.fr\/?page_id=353","url":"https:\/\/relaisdelaplume.fr\/?page_id=353","name":"Chambre 2 - Le Relais de Plume","isPartOf":{"@id":"https:\/\/relaisdelaplume.fr\/#website"},"primaryImageOfPage":{"@id":"https:\/\/relaisdelaplume.fr\/?page_id=353#primaryimage"},"image":{"@id":"https:\/\/relaisdelaplume.fr\/?page_id=353#primaryimage"},"thumbnailUrl":"https:\/\/relaisdelaplume.fr\/wp-content\/uploads\/2023\/06\/20230527_115506-1-1024x768.jpg","datePublished":"2023-06-17T13:46:44+00:00","dateModified":"2026-01-29T09:44:51+00:00","breadcrumb":{"@id":"https:\/\/relaisdelaplume.fr\/?page_id=353#breadcrumb"},"inLanguage":"fr-FR","potentialAction":[{"@type":"ReadAction","target":["https:\/\/relaisdelaplume.fr\/?page_id=353"]}]},{"@type":"ImageObject","inLanguage":"fr-FR","@id":"https:\/\/relaisdelaplume.fr\/?page_id=353#primaryimage","url":"https:\/\/relaisdelaplume.fr\/wp-content\/uploads\/2023\/06\/20230527_115506-1-scaled.jpg","contentUrl":"https:\/\/relaisdelaplume.fr\/wp-content\/uploads\/2023\/06\/20230527_115506-1-scaled.jpg","width":2560,"height":1920},{"@type":"BreadcrumbList","@id":"https:\/\/relaisdelaplume.fr\/?page_id=353#breadcrumb","itemListElement":[{"@type":"ListItem","position":1,"name":"Accueil","item":"https:\/\/relaisdelaplume.fr\/"},{"@type":"ListItem","position":2,"name":"Chambre 2"}]},{"@type":"WebSite","@id":"https:\/\/relaisdelaplume.fr\/#website","url":"https:\/\/relaisdelaplume.fr\/","name":"relaisdelaplume.fr","description":"Le Relais de la plUme","publisher":{"@id":"https:\/\/relaisdelaplume.fr\/#organization"},"potentialAction":[{"@type":"SearchAction","target":{"@type":"EntryPoint","urlTemplate":"https:\/\/relaisdelaplume.fr\/?s={search_term_string}"},"query-input":{"@type":"PropertyValueSpecification","valueRequired":true,"valueName":"search_term_string"}}],"inLanguage":"fr-FR"},{"@type":"Organization","@id":"https:\/\/relaisdelaplume.fr\/#organization","name":"relaisdelaplume.fr","url":"https:\/\/relaisdelaplume.fr\/","logo":{"@type":"ImageObject","inLanguage":"fr-FR","@id":"https:\/\/relaisdelaplume.fr\/#\/schema\/logo\/image\/","url":"https:\/\/relaisdelaplume.fr\/wp-content\/uploads\/2025\/11\/cropped-cropped-Le-Relais-de-la-PlumeWB.png","contentUrl":"https:\/\/relaisdelaplume.fr\/wp-content\/uploads\/2025\/11\/cropped-cropped-Le-Relais-de-la-PlumeWB.png","width":500,"height":202,"caption":"relaisdelaplume.fr"},"image":{"@id":"https:\/\/relaisdelaplume.fr\/#\/schema\/logo\/image\/"}}]}},"_links":{"self":[{"href":"https:\/\/relaisdelaplume.fr\/index.php?rest_route=\/wp\/v2\/pages\/353","targetHints":{"allow":["GET"]}}],"collection":[{"href":"https:\/\/relaisdelaplume.fr\/index.php?rest_route=\/wp\/v2\/pages"}],"about":[{"href":"https:\/\/relaisdelaplume.fr\/index.php?rest_route=\/wp\/v2\/types\/page"}],"author":[{"embeddable":true,"href":"https:\/\/relaisdelaplume.fr\/index.php?rest_route=\/wp\/v2\/users\/1"}],"replies":[{"embeddable":true,"href":"https:\/\/relaisdelaplume.fr\/index.php?rest_route=%2Fwp%2Fv2%2Fcomments&post=353"}],"version-history":[{"count":94,"href":"https:\/\/relaisdelaplume.fr\/index.php?rest_route=\/wp\/v2\/pages\/353\/revisions"}],"predecessor-version":[{"id":1293,"href":"https:\/\/relaisdelaplume.fr\/index.php?rest_route=\/wp\/v2\/pages\/353\/revisions\/1293"}],"wp:attachment":[{"href":"https:\/\/relaisdelaplume.fr\/index.php?rest_route=%2Fwp%2Fv2%2Fmedia&parent=353"}],"curies":[{"name":"wp","href":"https:\/\/api.w.org\/{rel}","templated":true}]}}